{"id":11585,"date":"2024-11-19T18:43:06","date_gmt":"2024-11-19T17:43:06","guid":{"rendered":"https:\/\/www.merchonline.store\/produkt\/pinata-protest-main-line-10-intergalactic-bar-palma\/"},"modified":"2024-11-23T15:03:09","modified_gmt":"2024-11-23T14:03:09","slug":"pinata-protest-main-line-10-intergalactic-bar-palma","status":"publish","type":"product","link":"https:\/\/www.merchonline.store\/en\/product\/pinata-protest-main-line-10-intergalactic-bar-palma\/","title":{"rendered":"Pinata Protest &amp; Main Line 10 @ Intergalactic Bar, Palma"},"content":{"rendered":"<p>Acoustic Show<\/p>\n<p><em><strong>Punk rock like abuela used to make!<\/strong><\/em><\/p>\n<p id=\"tw-target-text\" class=\"tw-data-text tw-text-large tw-ta\" dir=\"ltr\" data-placeholder=\"\u00dcbersetzung\" data-ved=\"2ahUKEwjbxq3p4OqJAxVDADQIHUCeM-gQ3ewLegQICxAV\" aria-label=\"\u00dcbersetzter Text: Punkrock wie fr\u00fcher bei Abuela! Pi\u00f1ata Protest ist eine mit Akkordeon betriebene Tex-Mex-Punkrockband aus San Antonio, TX. Pi\u00f1ata Protest kombiniert die lebendigen Kl\u00e4nge und traditionellen Rhythmen des mexikanischen Knopfakkordeons mit den beschwingten Tempi und der Attit\u00fcde des Punkrocks, um eine einzigartige und \u00e4u\u00dferst vielseitige Mischung aus aggressiven und dennoch melodischen Liedern zu produzieren, die sowohl auf Spanisch als auch auf Englisch gesungen werden. Zu ihren klanglichen Darbietungen, die das Publikum zum Moshen, Prostituieren und Tanzen mit ihren Tanzpartnern anregen, kommt ihre energiegeladene und leidenschaftliche Live-Show hinzu.\"><span class=\"Y2IQFc\" lang=\"de\">Pi\u00f1ata Protest is an accordion powered Tex-Mex punk rock band from San Antonio, TX. <\/span><span class=\"Y2IQFc\" lang=\"de\">Pi\u00f1ata Protest combines the lively sounds and traditional rhythms of the Mexican button accordion with the upbeat tempos and attitude of punk rock <\/span><span class=\"Y2IQFc\" lang=\"de\">to produce a unique and wildly eclectic mix of aggressive yet melodic songs that are sung in both Spanish and English. Adding to their sonic performances that ignite crowds to mosh, skank, and twirl their dance partners around is their energetic and impassioned live show.<\/span><\/p>\n<p><strong>MAIN LINE 10<\/strong> is a Melodic Hardocre band born in Mallorca, Spain in 2005.<br \/>\nSince then, they have toured around the world (Japan, Italy, Taiwan, Slovenia, Holland, Spain, Germany\u2026) and played at<br \/>\ndifferent festivals such as Resurrection Fest, Punk Rock Holiday, Jera on Air, Tsunami Festival and Mallorca &amp; Roll<br \/>\namong others.<br \/>\nThey have also had the opportunity to share the stage with bands like Bad Religion, NOFX, Ignite, Slipknot, Trivium,<br \/>\nParkway Drive, etc.<\/p>\n","protected":false},"excerpt":{"rendered":"<p>Acoustic Show Punk rock like abuela used to make! Pi\u00f1ata Protest is an accordion powered Tex-Mex punk rock band from San Antonio, TX. Pi\u00f1ata Protest combines the lively sounds and traditional rhythms of the Mexican button accordion with the upbeat tempos and attitude of punk rock to produce a unique and wildly eclectic mix of [&#8230;]\n","protected":false},"featured_media":11390,"template":"","meta":{"_uag_custom_page_level_css":""},"product_brand":[],"product_cat":[818,730,812,811],"product_tag":[813,806,814,805],"ppma_author":[863],"class_list":{"0":"post-11585","1":"product","2":"type-product","3":"status-publish","4":"has-post-thumbnail","6":"product_cat-english-en","7":"product_cat-event","8":"product_cat-main-line-10-en","9":"product_cat-pinata-protest-en","10":"product_tag-intergalactic-bar-en","11":"product_tag-main-line-10-en","12":"product_tag-palma-de-mallorca-en","13":"product_tag-pinata-protest-en","14":"pa_marke-pinata-protest-en","16":"first","17":"instock","18":"virtual","19":"purchasable","20":"product-type-simple"},"yoast_head":"<!-- This site is optimized with the Yoast SEO plugin v27.3 - https:\/\/yoast.com\/product\/yoast-seo-wordpress\/ -->\n<title>MerchOnline - Pinata Protest &amp; Main Line 10 @ Intergalactic Bar, Palma<\/title>\n<meta name=\"description\" content=\"Pinata Protest &amp; Main Line 10 @ Intergalactic Bar, Palma -\" \/>\n<meta name=\"robots\" content=\"index, follow, max-snippet:-1, max-image-preview:large, max-video-preview:-1\" \/>\n<link rel=\"canonical\" href=\"https:\/\/www.merchonline.store\/en\/product\/pinata-protest-main-line-10-intergalactic-bar-palma\/\" \/>\n<meta property=\"og:locale\" content=\"en_US\" \/>\n<meta property=\"og:type\" content=\"article\" \/>\n<meta property=\"og:title\" content=\"MerchOnline - Pinata Protest &amp; Main Line 10 @ Intergalactic Bar, Palma\" \/>\n<meta property=\"og:description\" content=\"Pinata Protest &amp; Main Line 10 @ Intergalactic Bar, Palma -\" \/>\n<meta property=\"og:url\" content=\"https:\/\/www.merchonline.store\/en\/product\/pinata-protest-main-line-10-intergalactic-bar-palma\/\" \/>\n<meta property=\"og:site_name\" content=\"MerchOnline\" \/>\n<meta property=\"article:publisher\" content=\"https:\/\/www.facebook.com\/MerchOnline.de\/\" \/>\n<meta property=\"article:modified_time\" content=\"2024-11-23T14:03:09+00:00\" \/>\n<meta property=\"og:image\" content=\"https:\/\/www.merchonline.store\/wp-content\/uploads\/2024\/10\/INSTA-PP-MAINLINE-PALMA-scaled.webp\" \/>\n\t<meta property=\"og:image:width\" content=\"2560\" \/>\n\t<meta property=\"og:image:height\" content=\"2560\" \/>\n\t<meta property=\"og:image:type\" content=\"image\/jpeg\" \/>\n<meta name=\"twitter:card\" content=\"summary_large_image\" \/>\n<script type=\"application\/ld+json\" class=\"yoast-schema-graph\">{\"@context\":\"https:\\\/\\\/schema.org\",\"@graph\":[{\"@type\":\"WebPage\",\"@id\":\"https:\\\/\\\/www.merchonline.store\\\/en\\\/product\\\/pinata-protest-main-line-10-intergalactic-bar-palma\\\/\",\"url\":\"https:\\\/\\\/www.merchonline.store\\\/en\\\/product\\\/pinata-protest-main-line-10-intergalactic-bar-palma\\\/\",\"name\":\"MerchOnline - Pinata Protest &amp; Main Line 10 @ Intergalactic Bar, Palma\",\"isPartOf\":{\"@id\":\"https:\\\/\\\/www.merchonline.store\\\/en\\\/#website\"},\"primaryImageOfPage\":{\"@id\":\"https:\\\/\\\/www.merchonline.store\\\/en\\\/product\\\/pinata-protest-main-line-10-intergalactic-bar-palma\\\/#primaryimage\"},\"image\":{\"@id\":\"https:\\\/\\\/www.merchonline.store\\\/en\\\/product\\\/pinata-protest-main-line-10-intergalactic-bar-palma\\\/#primaryimage\"},\"thumbnailUrl\":\"https:\\\/\\\/www.merchonline.store\\\/wp-content\\\/uploads\\\/2024\\\/10\\\/INSTA-PP-MAINLINE-PALMA-scaled.webp\",\"datePublished\":\"2024-11-19T17:43:06+00:00\",\"dateModified\":\"2024-11-23T14:03:09+00:00\",\"description\":\"Pinata Protest &amp; Main Line 10 @ Intergalactic Bar, Palma -\",\"breadcrumb\":{\"@id\":\"https:\\\/\\\/www.merchonline.store\\\/en\\\/product\\\/pinata-protest-main-line-10-intergalactic-bar-palma\\\/#breadcrumb\"},\"inLanguage\":\"en-US\",\"potentialAction\":[{\"@type\":\"ReadAction\",\"target\":[\"https:\\\/\\\/www.merchonline.store\\\/en\\\/product\\\/pinata-protest-main-line-10-intergalactic-bar-palma\\\/\"]}]},{\"@type\":\"ImageObject\",\"inLanguage\":\"en-US\",\"@id\":\"https:\\\/\\\/www.merchonline.store\\\/en\\\/product\\\/pinata-protest-main-line-10-intergalactic-bar-palma\\\/#primaryimage\",\"url\":\"https:\\\/\\\/www.merchonline.store\\\/wp-content\\\/uploads\\\/2024\\\/10\\\/INSTA-PP-MAINLINE-PALMA-scaled.webp\",\"contentUrl\":\"https:\\\/\\\/www.merchonline.store\\\/wp-content\\\/uploads\\\/2024\\\/10\\\/INSTA-PP-MAINLINE-PALMA-scaled.webp\",\"width\":2560,\"height\":2560},{\"@type\":\"BreadcrumbList\",\"@id\":\"https:\\\/\\\/www.merchonline.store\\\/en\\\/product\\\/pinata-protest-main-line-10-intergalactic-bar-palma\\\/#breadcrumb\",\"itemListElement\":[{\"@type\":\"ListItem\",\"position\":1,\"name\":\"Home\",\"item\":\"https:\\\/\\\/www.merchonline.store\\\/en\\\/\"},{\"@type\":\"ListItem\",\"position\":2,\"name\":\"Shop\",\"item\":\"https:\\\/\\\/www.merchonline.store\\\/?page_id=5711\"},{\"@type\":\"ListItem\",\"position\":3,\"name\":\"Pinata Protest &amp; Main Line 10 @ Intergalactic Bar, Palma\"}]},{\"@type\":\"WebSite\",\"@id\":\"https:\\\/\\\/www.merchonline.store\\\/en\\\/#website\",\"url\":\"https:\\\/\\\/www.merchonline.store\\\/en\\\/\",\"name\":\"MerchOnline\",\"description\":\"Shirts&#039;n Music &amp; Concert Tickets\",\"publisher\":{\"@id\":\"https:\\\/\\\/www.merchonline.store\\\/en\\\/#organization\"},\"potentialAction\":[{\"@type\":\"SearchAction\",\"target\":{\"@type\":\"EntryPoint\",\"urlTemplate\":\"https:\\\/\\\/www.merchonline.store\\\/en\\\/?s={search_term_string}\"},\"query-input\":{\"@type\":\"PropertyValueSpecification\",\"valueRequired\":true,\"valueName\":\"search_term_string\"}}],\"inLanguage\":\"en-US\"},{\"@type\":\"Organization\",\"@id\":\"https:\\\/\\\/www.merchonline.store\\\/en\\\/#organization\",\"name\":\"MerchOnline.de\",\"url\":\"https:\\\/\\\/www.merchonline.store\\\/en\\\/\",\"logo\":{\"@type\":\"ImageObject\",\"inLanguage\":\"en-US\",\"@id\":\"https:\\\/\\\/www.merchonline.store\\\/en\\\/#\\\/schema\\\/logo\\\/image\\\/\",\"url\":\"https:\\\/\\\/www.merchonline.store\\\/wp-content\\\/uploads\\\/2024\\\/12\\\/MerchOnlineLogoNEWlongBLK-2-png.webp\",\"contentUrl\":\"https:\\\/\\\/www.merchonline.store\\\/wp-content\\\/uploads\\\/2024\\\/12\\\/MerchOnlineLogoNEWlongBLK-2-png.webp\",\"width\":3317,\"height\":1063,\"caption\":\"MerchOnline.de\"},\"image\":{\"@id\":\"https:\\\/\\\/www.merchonline.store\\\/en\\\/#\\\/schema\\\/logo\\\/image\\\/\"},\"sameAs\":[\"https:\\\/\\\/www.facebook.com\\\/MerchOnline.de\\\/\",\"https:\\\/\\\/www.instagram.com\\\/MerchOnline.de\"]}]}<\/script>\n<!-- \/ Yoast SEO plugin. -->","yoast_head_json":{"title":"MerchOnline - Pinata Protest &amp; Main Line 10 @ Intergalactic Bar, Palma","description":"Pinata Protest &amp; Main Line 10 @ Intergalactic Bar, Palma -","robots":{"index":"index","follow":"follow","max-snippet":"max-snippet:-1","max-image-preview":"max-image-preview:large","max-video-preview":"max-video-preview:-1"},"canonical":"https:\/\/www.merchonline.store\/en\/product\/pinata-protest-main-line-10-intergalactic-bar-palma\/","og_locale":"en_US","og_type":"article","og_title":"MerchOnline - Pinata Protest &amp; Main Line 10 @ Intergalactic Bar, Palma","og_description":"Pinata Protest &amp; Main Line 10 @ Intergalactic Bar, Palma -","og_url":"https:\/\/www.merchonline.store\/en\/product\/pinata-protest-main-line-10-intergalactic-bar-palma\/","og_site_name":"MerchOnline","article_publisher":"https:\/\/www.facebook.com\/MerchOnline.de\/","article_modified_time":"2024-11-23T14:03:09+00:00","og_image":[{"width":2560,"height":2560,"url":"https:\/\/www.merchonline.store\/wp-content\/uploads\/2024\/10\/INSTA-PP-MAINLINE-PALMA-scaled.webp","type":"image\/jpeg"}],"twitter_card":"summary_large_image","schema":{"@context":"https:\/\/schema.org","@graph":[{"@type":"WebPage","@id":"https:\/\/www.merchonline.store\/en\/product\/pinata-protest-main-line-10-intergalactic-bar-palma\/","url":"https:\/\/www.merchonline.store\/en\/product\/pinata-protest-main-line-10-intergalactic-bar-palma\/","name":"MerchOnline - Pinata Protest &amp; Main Line 10 @ Intergalactic Bar, Palma","isPartOf":{"@id":"https:\/\/www.merchonline.store\/en\/#website"},"primaryImageOfPage":{"@id":"https:\/\/www.merchonline.store\/en\/product\/pinata-protest-main-line-10-intergalactic-bar-palma\/#primaryimage"},"image":{"@id":"https:\/\/www.merchonline.store\/en\/product\/pinata-protest-main-line-10-intergalactic-bar-palma\/#primaryimage"},"thumbnailUrl":"https:\/\/www.merchonline.store\/wp-content\/uploads\/2024\/10\/INSTA-PP-MAINLINE-PALMA-scaled.webp","datePublished":"2024-11-19T17:43:06+00:00","dateModified":"2024-11-23T14:03:09+00:00","description":"Pinata Protest &amp; Main Line 10 @ Intergalactic Bar, Palma -","breadcrumb":{"@id":"https:\/\/www.merchonline.store\/en\/product\/pinata-protest-main-line-10-intergalactic-bar-palma\/#breadcrumb"},"inLanguage":"en-US","potentialAction":[{"@type":"ReadAction","target":["https:\/\/www.merchonline.store\/en\/product\/pinata-protest-main-line-10-intergalactic-bar-palma\/"]}]},{"@type":"ImageObject","inLanguage":"en-US","@id":"https:\/\/www.merchonline.store\/en\/product\/pinata-protest-main-line-10-intergalactic-bar-palma\/#primaryimage","url":"https:\/\/www.merchonline.store\/wp-content\/uploads\/2024\/10\/INSTA-PP-MAINLINE-PALMA-scaled.webp","contentUrl":"https:\/\/www.merchonline.store\/wp-content\/uploads\/2024\/10\/INSTA-PP-MAINLINE-PALMA-scaled.webp","width":2560,"height":2560},{"@type":"BreadcrumbList","@id":"https:\/\/www.merchonline.store\/en\/product\/pinata-protest-main-line-10-intergalactic-bar-palma\/#breadcrumb","itemListElement":[{"@type":"ListItem","position":1,"name":"Home","item":"https:\/\/www.merchonline.store\/en\/"},{"@type":"ListItem","position":2,"name":"Shop","item":"https:\/\/www.merchonline.store\/?page_id=5711"},{"@type":"ListItem","position":3,"name":"Pinata Protest &amp; Main Line 10 @ Intergalactic Bar, Palma"}]},{"@type":"WebSite","@id":"https:\/\/www.merchonline.store\/en\/#website","url":"https:\/\/www.merchonline.store\/en\/","name":"MerchOnline","description":"Shirts&#039;n Music &amp; Concert Tickets","publisher":{"@id":"https:\/\/www.merchonline.store\/en\/#organization"},"potentialAction":[{"@type":"SearchAction","target":{"@type":"EntryPoint","urlTemplate":"https:\/\/www.merchonline.store\/en\/?s={search_term_string}"},"query-input":{"@type":"PropertyValueSpecification","valueRequired":true,"valueName":"search_term_string"}}],"inLanguage":"en-US"},{"@type":"Organization","@id":"https:\/\/www.merchonline.store\/en\/#organization","name":"MerchOnline.de","url":"https:\/\/www.merchonline.store\/en\/","logo":{"@type":"ImageObject","inLanguage":"en-US","@id":"https:\/\/www.merchonline.store\/en\/#\/schema\/logo\/image\/","url":"https:\/\/www.merchonline.store\/wp-content\/uploads\/2024\/12\/MerchOnlineLogoNEWlongBLK-2-png.webp","contentUrl":"https:\/\/www.merchonline.store\/wp-content\/uploads\/2024\/12\/MerchOnlineLogoNEWlongBLK-2-png.webp","width":3317,"height":1063,"caption":"MerchOnline.de"},"image":{"@id":"https:\/\/www.merchonline.store\/en\/#\/schema\/logo\/image\/"},"sameAs":["https:\/\/www.facebook.com\/MerchOnline.de\/","https:\/\/www.instagram.com\/MerchOnline.de"]}]}},"uagb_featured_image_src":{"full":["https:\/\/www.merchonline.store\/wp-content\/uploads\/2024\/10\/INSTA-PP-MAINLINE-PALMA-scaled.webp",2560,2560,false],"thumbnail":["https:\/\/www.merchonline.store\/wp-content\/uploads\/2024\/10\/INSTA-PP-MAINLINE-PALMA-280x280.webp",280,280,true],"medium":["https:\/\/www.merchonline.store\/wp-content\/uploads\/2024\/10\/INSTA-PP-MAINLINE-PALMA-400x400.webp",400,400,true],"medium_large":["https:\/\/www.merchonline.store\/wp-content\/uploads\/2024\/10\/INSTA-PP-MAINLINE-PALMA-768x768.webp",768,768,true],"large":["https:\/\/www.merchonline.store\/wp-content\/uploads\/2024\/10\/INSTA-PP-MAINLINE-PALMA-800x800.webp",800,800,true],"1536x1536":["https:\/\/www.merchonline.store\/wp-content\/uploads\/2024\/10\/INSTA-PP-MAINLINE-PALMA-1536x1536.webp",1536,1536,true],"2048x2048":["https:\/\/www.merchonline.store\/wp-content\/uploads\/2024\/10\/INSTA-PP-MAINLINE-PALMA-2048x2048.webp",2048,2048,true],"woocommerce_thumbnail":["https:\/\/www.merchonline.store\/wp-content\/uploads\/2024\/10\/INSTA-PP-MAINLINE-PALMA-247x247.webp",247,247,true],"woocommerce_single":["https:\/\/www.merchonline.store\/wp-content\/uploads\/2024\/10\/INSTA-PP-MAINLINE-PALMA-510x510.webp",510,510,true],"woocommerce_gallery_thumbnail":["https:\/\/www.merchonline.store\/wp-content\/uploads\/2024\/10\/INSTA-PP-MAINLINE-PALMA-100x100.webp",100,100,true],"variation_swatches_image_size":["https:\/\/www.merchonline.store\/wp-content\/uploads\/2024\/10\/INSTA-PP-MAINLINE-PALMA-50x50.webp",50,50,true],"variation_swatches_tooltip_size":["https:\/\/www.merchonline.store\/wp-content\/uploads\/2024\/10\/INSTA-PP-MAINLINE-PALMA-100x100.webp",100,100,true]},"uagb_author_info":{"display_name":"boss-admin","author_link":"https:\/\/www.merchonline.store\/en\/author\/"},"uagb_comment_info":0,"uagb_excerpt":"Acoustic Show Punk rock like abuela used to make! Pi\u00f1ata Protest is an accordion powered Tex-Mex punk rock band from San Antonio, TX. Pi\u00f1ata Protest combines the lively sounds and traditional rhythms of the Mexican button accordion with the upbeat tempos and attitude of punk rock to produce a unique and wildly eclectic mix of&hellip;","_links":{"self":[{"href":"https:\/\/www.merchonline.store\/en\/wp-json\/wp\/v2\/product\/11585","targetHints":{"allow":["GET"]}}],"collection":[{"href":"https:\/\/www.merchonline.store\/en\/wp-json\/wp\/v2\/product"}],"about":[{"href":"https:\/\/www.merchonline.store\/en\/wp-json\/wp\/v2\/types\/product"}],"wp:featuredmedia":[{"embeddable":true,"href":"https:\/\/www.merchonline.store\/en\/wp-json\/wp\/v2\/media\/11390"}],"wp:attachment":[{"href":"https:\/\/www.merchonline.store\/en\/wp-json\/wp\/v2\/media?parent=11585"}],"wp:term":[{"taxonomy":"product_brand","embeddable":true,"href":"https:\/\/www.merchonline.store\/en\/wp-json\/wp\/v2\/product_brand?post=11585"},{"taxonomy":"product_cat","embeddable":true,"href":"https:\/\/www.merchonline.store\/en\/wp-json\/wp\/v2\/product_cat?post=11585"},{"taxonomy":"product_tag","embeddable":true,"href":"https:\/\/www.merchonline.store\/en\/wp-json\/wp\/v2\/product_tag?post=11585"},{"taxonomy":"author","embeddable":true,"href":"https:\/\/www.merchonline.store\/en\/wp-json\/wp\/v2\/ppma_author?post=11585"}],"curies":[{"name":"wp","href":"https:\/\/api.w.org\/{rel}","templated":true}]}}